{"id":1911,"date":"2025-09-26T21:45:51","date_gmt":"2025-09-27T01:45:51","guid":{"rendered":"https:\/\/elsushi.com\/?page_id=1911"},"modified":"2025-09-26T21:45:53","modified_gmt":"2025-09-27T01:45:53","slug":"empleos-3","status":"publish","type":"page","link":"https:\/\/elsushi.com\/es\/empleos-3\/","title":{"rendered":"Empleos"},"content":{"rendered":"<section class=\"l-section wpb_row height_auto width_full\"><div class=\"l-section-h i-cf\"><div class=\"g-cols vc_row via_grid cols_1 laptops-cols_inherit tablets-cols_inherit mobiles-cols_1 valign_top type_default stacking_default\" style=\"--columns-gap:0rem;\"><div class=\"wpb_column vc_column_container us_custom_8d098c2e\"><div class=\"vc_column-overlay\" style=\"background:#faf1e9\"><\/div><div class=\"vc_column-inner\"><div class=\"g-cols wpb_row us_custom_c7d7ac31 via_grid cols_3 laptops-cols_inherit tablets-cols_inherit mobiles-cols_1 valign_middle type_default stacking_default\" style=\"--columns-gap:0rem;\"><div class=\"wpb_column vc_column_container\"><div class=\"vc_column-inner\"><\/div><\/div><div class=\"wpb_column vc_column_container us_custom_6812783b\"><div class=\"vc_column-inner\"><div class=\"w-separator size_medium\"><\/div><div class=\"w-image us_custom_d1551aaa align_center\"><div class=\"w-image-h\"><img decoding=\"async\" width=\"440\" height=\"183\" src=\"https:\/\/elsushi.com\/wp-content\/uploads\/2025\/08\/El-Sushi-Empleos.png\" class=\"attachment-full size-full\" alt=\"Careers\" loading=\"lazy\" srcset=\"https:\/\/elsushi.com\/wp-content\/uploads\/2025\/08\/El-Sushi-Empleos.png 440w, https:\/\/elsushi.com\/wp-content\/uploads\/2025\/08\/El-Sushi-Empleos-300x125.png 300w, https:\/\/elsushi.com\/wp-content\/uploads\/2025\/08\/El-Sushi-Empleos-150x62.png 150w, https:\/\/elsushi.com\/wp-content\/uploads\/2025\/08\/El-Sushi-Empleos-180x75.png 180w\" sizes=\"auto, (max-width: 440px) 100vw, 440px\" \/><\/div><\/div><div class=\"w-image us_custom_8d45d1f2 align_center\"><div class=\"w-image-h\"><img decoding=\"async\" width=\"400\" height=\"140\" src=\"https:\/\/elsushi.com\/wp-content\/uploads\/2025\/08\/El-Sushi-Unete-Equipo-1.png\" class=\"attachment-full size-full\" alt=\"Join Our Team\" loading=\"lazy\" srcset=\"https:\/\/elsushi.com\/wp-content\/uploads\/2025\/08\/El-Sushi-Unete-Equipo-1.png 400w, https:\/\/elsushi.com\/wp-content\/uploads\/2025\/08\/El-Sushi-Unete-Equipo-1-300x105.png 300w, https:\/\/elsushi.com\/wp-content\/uploads\/2025\/08\/El-Sushi-Unete-Equipo-1-150x53.png 150w, https:\/\/elsushi.com\/wp-content\/uploads\/2025\/08\/El-Sushi-Unete-Equipo-1-180x63.png 180w\" sizes=\"auto, (max-width: 400px) 100vw, 400px\" \/><\/div><\/div><p class=\"w-text us_custom_ec5f734c\"><span class=\"w-text-h\"><span class=\"w-text-value\">Concreta una entrevista. Respuesta r\u00e1pida.<\/span><\/span><\/p><\/div><\/div><div class=\"wpb_column vc_column_container\"><div class=\"vc_column-inner\"><\/div><\/div><\/div><div class=\"g-cols wpb_row us_custom_02d4b688 via_grid cols_3 laptops-cols_inherit tablets-cols_inherit mobiles-cols_1 valign_middle type_default stacking_default\" style=\"--columns-gap:0rem;\"><div class=\"wpb_column vc_column_container\"><div class=\"vc_column-inner\"><\/div><\/div><div class=\"wpb_column vc_column_container us_custom_7bfe8f26\"><div class=\"vc_column-inner\"><h6 class=\"w-text us_custom_462aa728 has_text_color\"><span class=\"w-text-h\"><span class=\"w-text-value\">Llene el formulario. Si eres un candidato adecuado, Recursos Humanos se pondr\u00e1 en contacto contigo para concertar una entrevista.<\/span><\/span><\/h6><div class=\"w-separator size_medium\"><\/div>\n<div class=\"wpcf7 no-js us-field-style_1\" id=\"wpcf7-f1680-o1\" lang=\"en-US\" dir=\"ltr\" data-wpcf7-id=\"1680\">\n<div class=\"screen-reader-response\"><p role=\"status\" aria-live=\"polite\" aria-atomic=\"true\"><\/p> <ul><\/ul><\/div>\n<form action=\"\/es\/wp-json\/wp\/v2\/pages\/1911#wpcf7-f1680-o1\" method=\"post\" class=\"wpcf7-form init\" aria-label=\"Contact form\" enctype=\"multipart\/form-data\" novalidate=\"novalidate\" data-status=\"init\">\n<fieldset class=\"hidden-fields-container\"><input type=\"hidden\" name=\"_wpcf7\" value=\"1680\" \/><input type=\"hidden\" name=\"_wpcf7_version\" value=\"6.1.1\" \/><input type=\"hidden\" name=\"_wpcf7_locale\" value=\"en_US\" \/><input type=\"hidden\" name=\"_wpcf7_unit_tag\" value=\"wpcf7-f1680-o1\" \/><input type=\"hidden\" name=\"_wpcf7_container_post\" value=\"0\" \/><input type=\"hidden\" name=\"_wpcf7_posted_data_hash\" value=\"\" \/><input type=\"hidden\" name=\"_wpcf7cf_hidden_group_fields\" value=\"[]\" \/><input type=\"hidden\" name=\"_wpcf7cf_hidden_groups\" value=\"[]\" \/><input type=\"hidden\" name=\"_wpcf7cf_visible_groups\" value=\"[]\" \/><input type=\"hidden\" name=\"_wpcf7cf_repeaters\" value=\"[]\" \/><input type=\"hidden\" name=\"_wpcf7cf_steps\" value=\"{}\" \/><input type=\"hidden\" name=\"_wpcf7cf_options\" value=\"{&quot;form_id&quot;:1680,&quot;conditions&quot;:[{&quot;then_field&quot;:&quot;avalibility&quot;,&quot;and_rules&quot;:[{&quot;if_field&quot;:&quot;radio-availability&quot;,&quot;operator&quot;:&quot;equals&quot;,&quot;if_value&quot;:&quot;No&quot;}]},{&quot;then_field&quot;:&quot;other-document&quot;,&quot;and_rules&quot;:[{&quot;if_field&quot;:&quot;document&quot;,&quot;operator&quot;:&quot;equals&quot;,&quot;if_value&quot;:&quot;Other&quot;}]}],&quot;settings&quot;:{&quot;animation&quot;:&quot;yes&quot;,&quot;animation_intime&quot;:200,&quot;animation_outtime&quot;:200,&quot;conditions_ui&quot;:&quot;normal&quot;,&quot;notice_dismissed&quot;:false}}\" \/>\n<\/fieldset>\n<p><label> Nombre:<br \/>\n<span class=\"wpcf7-form-control-wrap\" data-name=\"user-name\"><input size=\"40\" maxlength=\"400\" class=\"wpcf7-form-control wpcf7-text wpcf7-validates-as-required\" autocomplete=\"first-name\" aria-required=\"true\" aria-invalid=\"false\" value=\"\" type=\"text\" name=\"user-name\" \/><\/span> <\/label>\n<\/p>\n<p><label> Apellido:<br \/>\n<span class=\"wpcf7-form-control-wrap\" data-name=\"user-lastname\"><input size=\"40\" maxlength=\"400\" class=\"wpcf7-form-control wpcf7-text wpcf7-validates-as-required\" autocomplete=\"last-name\" aria-required=\"true\" aria-invalid=\"false\" value=\"\" type=\"text\" name=\"user-lastname\" \/><\/span> <\/label>\n<\/p>\n<p><label> Fecha de nacimiento:<br \/>\n<span class=\"wpcf7-form-control-wrap\" data-name=\"date-of-birth\"><input class=\"wpcf7-form-control wpcf7-date wpcf7-validates-as-required wpcf7-validates-as-date\" max=\"2026-04-26\" aria-required=\"true\" aria-invalid=\"false\" value=\"\" type=\"date\" name=\"date-of-birth\" \/><\/span> <\/label>\n<\/p>\n<p><b> Documento v\u00e1lido para trabajar en EE. UU.:<\/b><br \/>\n<span class=\"wpcf7-form-control-wrap\" data-name=\"document\"><span class=\"wpcf7-form-control wpcf7-checkbox wpcf7-validates-as-required wpcf7-exclusive-checkbox\"><span class=\"wpcf7-list-item first\"><input type=\"checkbox\" name=\"document\" value=\"Permiso de trabajo\" \/><span class=\"wpcf7-list-item-label\">Permiso de trabajo<\/span><\/span><span class=\"wpcf7-list-item\"><input type=\"checkbox\" name=\"document\" value=\"Residencia\" \/><span class=\"wpcf7-list-item-label\">Residencia<\/span><\/span><span class=\"wpcf7-list-item\"><input type=\"checkbox\" name=\"document\" value=\"Ciudadan\u00eda\" \/><span class=\"wpcf7-list-item-label\">Ciudadan\u00eda<\/span><\/span><span class=\"wpcf7-list-item last\"><input type=\"checkbox\" name=\"document\" value=\"Otro\" \/><span class=\"wpcf7-list-item-label\">Otro<\/span><\/span><\/span><\/span>\n<\/p>\n<div data-id=\"other-document\" data-orig_data_id=\"other-document\" data-clear_on_hide class=\"\" data-class=\"wpcf7cf_group\">\n\t<p><label>Especifica por favor:<br \/>\n<span class=\"wpcf7-form-control-wrap\" data-name=\"text-document\"><input size=\"40\" maxlength=\"400\" class=\"wpcf7-form-control wpcf7-text\" aria-invalid=\"false\" value=\"\" type=\"text\" name=\"text-document\" \/><\/span><\/label><br \/>\n\t<\/p>\n<\/div>\n<p><b> Posici\u00f3n(es) a la(s) que aplicas :<\/b><br \/>\n<span class=\"wpcf7-form-control-wrap\" data-name=\"select-position\"><select class=\"wpcf7-form-control wpcf7-select wpcf7-validates-as-required\" aria-required=\"true\" aria-invalid=\"false\" multiple=\"multiple\" name=\"select-position[]\"><option value=\"Cocinero (Line Cook)\">Cocinero (Line Cook)<\/option><option value=\"Wok\/Line Cook\">Wok\/Line Cook<\/option><option value=\"Sushi Chef\">Sushi Chef<\/option><option value=\"Sushi Helper\">Sushi Helper<\/option><option value=\"Host \/ Utility (sala &amp; recepci\u00f3n)\">Host \/ Utility (sala &amp; recepci\u00f3n)<\/option><option value=\"Driver (Delivery\/Runner)\">Driver (Delivery\/Runner)<\/option><option value=\"Team Member\">Team Member<\/option><option value=\"Assistant Manager\">Assistant Manager<\/option><option value=\"Restaurant Manager\">Restaurant Manager<\/option><option value=\"Operador (Pack &amp; Pick-up)\">Operador (Pack &amp; Pick-up)<\/option><\/select><\/span>\n<\/p>\n<p><label> A\u00f1os de experiencia:<br \/>\n<span class=\"wpcf7-form-control-wrap\" data-name=\"experience\"><input class=\"wpcf7-form-control wpcf7-number wpcf7-validates-as-required wpcf7-validates-as-number\" max=\"20\" aria-required=\"true\" aria-invalid=\"false\" value=\"\" type=\"number\" name=\"experience\" \/><\/span><\/label>\n<\/p>\n<p><b>Disponibilidad inmediata:<\/b><br \/>\n<span class=\"wpcf7-form-control-wrap\" data-name=\"radio-availability\"><span class=\"wpcf7-form-control wpcf7-radio\"><span class=\"wpcf7-list-item first\"><input type=\"radio\" name=\"radio-availability\" value=\"Yes\" \/><span class=\"wpcf7-list-item-label\">Yes<\/span><\/span><span class=\"wpcf7-list-item last\"><input type=\"radio\" name=\"radio-availability\" value=\"No\" \/><span class=\"wpcf7-list-item-label\">No<\/span><\/span><\/span><\/span>\n<\/p>\n<div data-id=\"avalibility\" data-orig_data_id=\"avalibility\" data-clear_on_hide class=\"\" data-class=\"wpcf7cf_group\">\n\t<p><label>Disponible a partir de (fecha):<br \/>\n<span class=\"wpcf7-form-control-wrap\" data-name=\"from-date\"><input class=\"wpcf7-form-control wpcf7-date wpcf7-validates-as-date\" min=\"2026-04-26\" aria-invalid=\"false\" value=\"\" type=\"date\" name=\"from-date\" \/><\/span><\/label><br \/>\n\t<\/p>\n<\/div>\n<p><label>Tel\u00e9fono:<br \/>\n<span class=\"wpcf7-form-control-wrap\" data-name=\"tel-phone\"><input size=\"40\" maxlength=\"12\" class=\"wpcf7-form-control wpcf7-tel wpcf7-validates-as-required wpcf7-text wpcf7-validates-as-tel\" autocomplete=\"tel\" aria-required=\"true\" aria-invalid=\"false\" placeholder=\"123 456-6789\" value=\"\" type=\"tel\" name=\"tel-phone\" \/><\/span> <\/label>\n<\/p>\n<p><label> Email:<br \/>\n<span class=\"wpcf7-form-control-wrap\" data-name=\"user-email\"><input size=\"40\" maxlength=\"400\" class=\"wpcf7-form-control wpcf7-email wpcf7-validates-as-required wpcf7-text wpcf7-validates-as-email\" autocomplete=\"email\" aria-required=\"true\" aria-invalid=\"false\" value=\"\" type=\"email\" name=\"user-email\" \/><\/span> <\/label>\n<\/p>\n<p><label> Subir curr\u00edculum (opcional)<br \/>\n<small>Formatos permitidos: PDF, DOC, DOCX | L\u00edmite: 10MB<\/small><br \/>\n<span class=\"wpcf7-form-control-wrap\" data-name=\"file-upload\"><input size=\"40\" class=\"wpcf7-form-control wpcf7-file\" accept=\".pdf,.doc,.docx\" aria-invalid=\"false\" type=\"file\" name=\"file-upload\" \/><\/span> <\/label>\n<\/p>\n<p><label> Notas adicionales (opcional - ej. horarios preferidos, locaci\u00f3n)<br \/>\n<span class=\"wpcf7-form-control-wrap\" data-name=\"notes\"><textarea cols=\"40\" rows=\"10\" maxlength=\"2000\" class=\"wpcf7-form-control wpcf7-textarea\" aria-invalid=\"false\" name=\"notes\"><\/textarea><\/span> <\/label>\n<\/p>\n<p><span class=\"wpcf7-form-control-wrap\" data-name=\"acceptance-box\"><span class=\"wpcf7-form-control wpcf7-acceptance\"><span class=\"wpcf7-list-item\"><label><input type=\"checkbox\" name=\"acceptance-box\" value=\"1\" aria-invalid=\"false\" \/><span class=\"wpcf7-list-item-label\">Confirmo que la informaci\u00f3n suministrada es verdadera y autorizo el uso de mis datos para fines de reclutamiento.<\/span><\/label><\/span><\/span><\/span><br \/>\n<small>Utilizamos sus datos \u00fanicamente con fines de reclutamiento. Al enviarlos, usted acepta nuestra <a href=\"\/es\/politica-de-privacidad\/\" target=_blank>Pol\u00edtica de Privacidad.<\/a><\/small><br \/>\n<span id=\"wpcf7-69ee5de673071-wrapper\" class=\"wpcf7-form-control-wrap honey-honey-wrap\" ><label for=\"wpcf7-69ee5de673071-field\" class=\"hp-message\">Please leave this field empty.<\/label><input id=\"wpcf7-69ee5de673071-field\"  placeholder=\"website\"  class=\"wpcf7-form-control wpcf7-text\" type=\"text\" name=\"honey-honey\" value=\"\" size=\"40\" tabindex=\"-1\" autocomplete=\"new-password\" \/><\/span><br \/>\n<input class=\"wpcf7-form-control wpcf7-submit has-spinner\" type=\"submit\" value=\"Enviar\" \/>\n<\/p><input type='hidden' class='wpcf7-pum' value='{\"closepopup\":false,\"closedelay\":0,\"openpopup\":false,\"openpopup_id\":0}' \/><div class=\"wpcf7-response-output\" aria-hidden=\"true\"><\/div>\n<\/form>\n<\/div>\n<\/div><\/div><div class=\"wpb_column vc_column_container us_custom_8535c5f4\"><div class=\"vc_column-inner\"><\/div><\/div><\/div><\/div><\/div><\/div><\/div><\/section><section class=\"l-section wpb_row height_auto width_full\"><div class=\"l-section-h i-cf\"><div class=\"g-cols vc_row via_grid cols_1 laptops-cols_inherit tablets-cols_inherit mobiles-cols_1 valign_top type_default stacking_default\" style=\"--columns-gap:0rem;\"><div class=\"wpb_column vc_column_container us_custom_8d098c2e\"><div class=\"vc_column-overlay\" style=\"background:#faf1e9\"><\/div><div class=\"vc_column-inner\"><div class=\"g-cols wpb_row us_custom_02d4b688 via_grid cols_3 laptops-cols_inherit tablets-cols_inherit mobiles-cols_1 valign_middle type_default stacking_default\" style=\"--columns-gap:0rem;\"><div class=\"wpb_column vc_column_container\"><div class=\"vc_column-inner\"><\/div><\/div><div class=\"wpb_column vc_column_container us_custom_6bc997ed\"><div class=\"vc_column-inner\"><h2 class=\"w-text us_custom_462aa728 has_text_color\"><span class=\"w-text-h\"><span class=\"w-text-value\">PREGUNTAS FRECUENTES<\/span><\/span><\/h2><div class=\"w-separator size_medium\"><\/div><div class=\"w-tabs style_default switch_click accordion has_scrolling\" style=\"--sections-title-size:inherit\"><div class=\"w-tabs-sections titles-align_none icon_chevron cpos_right\"><div class=\"w-tabs-section\" id=\"fa24\" itemscope itemprop=\"mainEntity\" itemtype=\"https:\/\/schema.org\/Question\"><button class=\"w-tabs-section-header\" aria-controls=\"content-fa24\" aria-expanded=\"false\"><div class=\"w-tabs-section-title\" itemprop=\"name\">\u00bfCu\u00e1ndo tendr\u00e9 respuesta?<\/div><div class=\"w-tabs-section-control\"><\/div><\/button><div  class=\"w-tabs-section-content\" id=\"content-fa24\" itemscope itemprop=\"acceptedAnswer\" itemtype=\"https:\/\/schema.org\/Answer\"><div class=\"w-tabs-section-content-h i-cf\" itemprop=\"text\"><div class=\"w-text\"><span class=\"w-text-h\"><span class=\"w-text-value\">Si el puesto al que te postulas est\u00e1 disponible, nuestro equipo de Recursos Humanos revisa cuidadosamente cada solicitud. Por lo general, recibir\u00e1 una respuesta en un plazo de 7 a 10 d\u00edas h\u00e1biles despu\u00e9s de enviar su solicitud. Si resulta preseleccionado, nos pondremos en contacto con usted directamente por correo electr\u00f3nico o por tel\u00e9fono para programar una entrevista.<\/span><\/span><\/div><\/div><\/div><\/div><div class=\"w-tabs-section\" id=\"ua6c\" itemscope itemprop=\"mainEntity\" itemtype=\"https:\/\/schema.org\/Question\"><button class=\"w-tabs-section-header\" aria-controls=\"content-ua6c\" aria-expanded=\"false\"><div class=\"w-tabs-section-title\" itemprop=\"name\">\u00bfPuedo postularme para varios puestos?<\/div><div class=\"w-tabs-section-control\"><\/div><\/button><div  class=\"w-tabs-section-content\" id=\"content-ua6c\" itemscope itemprop=\"acceptedAnswer\" itemtype=\"https:\/\/schema.org\/Answer\"><div class=\"w-tabs-section-content-h i-cf\" itemprop=\"text\"><div class=\"w-text\"><span class=\"w-text-h\"><span class=\"w-text-value\">S\u00ed, puedes aplicar a m\u00e1s de un cargo si consideras que tu experiencia y habilidades cumplen con los requisitos. Te recomendamos seleccionar las posiciones que mejor se ajusten a tu perfil para aumentar tus posibilidades de ser considerado.<\/span><\/span><\/div><\/div><\/div><\/div><\/div><\/div><div class=\"w-separator size_huge\"><\/div><\/div><\/div><div class=\"wpb_column vc_column_container us_custom_8535c5f4\"><div class=\"vc_column-inner\"><\/div><\/div><\/div><div class=\"w-separator size_medium\"><\/div><\/div><\/div><\/div><\/div><\/section><section class=\"l-section wpb_row us_custom_8807b6b2 hide_on_mobiles height_auto width_full\"><div class=\"l-section-h i-cf\"><div class=\"g-cols vc_row via_grid cols_1 laptops-cols_inherit tablets-cols_inherit mobiles-cols_1 valign_top type_default stacking_default\" style=\"--columns-gap:0rem;\"><div class=\"wpb_column vc_column_container\"><div class=\"vc_column-inner\"><div class=\"w-image align_none\"><div class=\"w-image-h\"><img decoding=\"async\" width=\"2000\" height=\"354\" src=\"https:\/\/elsushi.com\/wp-content\/uploads\/2024\/08\/El-Sushi-Franja-Chopsticks-Lower-Middle-Desktop.png\" class=\"attachment-full size-full\" alt=\"\" loading=\"lazy\" srcset=\"https:\/\/elsushi.com\/wp-content\/uploads\/2024\/08\/El-Sushi-Franja-Chopsticks-Lower-Middle-Desktop.png 2000w, https:\/\/elsushi.com\/wp-content\/uploads\/2024\/08\/El-Sushi-Franja-Chopsticks-Lower-Middle-Desktop-300x53.png 300w, https:\/\/elsushi.com\/wp-content\/uploads\/2024\/08\/El-Sushi-Franja-Chopsticks-Lower-Middle-Desktop-1024x181.png 1024w, https:\/\/elsushi.com\/wp-content\/uploads\/2024\/08\/El-Sushi-Franja-Chopsticks-Lower-Middle-Desktop-200x35.png 200w, https:\/\/elsushi.com\/wp-content\/uploads\/2024\/08\/El-Sushi-Franja-Chopsticks-Lower-Middle-Desktop-180x32.png 180w\" sizes=\"auto, (max-width: 2000px) 100vw, 2000px\" \/><\/div><\/div><\/div><\/div><\/div><\/div><\/section><section class=\"l-section wpb_row us_custom_f4669369 hide_on_default hide_on_laptops hide_on_tablets height_auto width_full\"><div class=\"l-section-h i-cf\"><div class=\"g-cols vc_row via_grid cols_1 laptops-cols_inherit tablets-cols_inherit mobiles-cols_1 valign_top type_default stacking_default\" style=\"--columns-gap:0rem;\"><div class=\"wpb_column vc_column_container\"><div class=\"vc_column-inner\"><div class=\"w-image align_none\"><div class=\"w-image-h\"><img decoding=\"async\" width=\"1000\" height=\"332\" src=\"https:\/\/elsushi.com\/wp-content\/uploads\/2024\/08\/El-Sushi-Franja-Chopsticks-Lower-Middle-Mobile.png\" class=\"attachment-full size-full\" alt=\"\" loading=\"lazy\" srcset=\"https:\/\/elsushi.com\/wp-content\/uploads\/2024\/08\/El-Sushi-Franja-Chopsticks-Lower-Middle-Mobile.png 1000w, https:\/\/elsushi.com\/wp-content\/uploads\/2024\/08\/El-Sushi-Franja-Chopsticks-Lower-Middle-Mobile-300x100.png 300w, https:\/\/elsushi.com\/wp-content\/uploads\/2024\/08\/El-Sushi-Franja-Chopsticks-Lower-Middle-Mobile-200x66.png 200w, https:\/\/elsushi.com\/wp-content\/uploads\/2024\/08\/El-Sushi-Franja-Chopsticks-Lower-Middle-Mobile-180x60.png 180w\" sizes=\"auto, (max-width: 1000px) 100vw, 1000px\" \/><\/div><\/div><\/div><\/div><\/div><\/div><\/section>\n","protected":false},"excerpt":{"rendered":"Concreta una entrevista. Respuesta r\u00e1pida.Llene el formulario. Si eres un candidato adecuado, Recursos Humanos se pondr\u00e1 en contacto contigo para concertar una entrevista. Nombre: Apellido: Fecha de nacimiento: Documento v\u00e1lido para trabajar en EE. UU.: Permiso de trabajoResidenciaCiudadan\u00edaOtro Especifica por favor: Posici\u00f3n(es) a la(s) que aplicas : Cocinero (Line Cook)Wok\/Line CookSushi ChefSushi HelperHost \/ Utility...","protected":false},"author":3,"featured_media":0,"parent":0,"menu_order":0,"comment_status":"closed","ping_status":"closed","template":"","meta":{"nf_dc_page":"","footnotes":""},"class_list":["post-1911","page","type-page","status-publish","hentry"],"_links":{"self":[{"href":"https:\/\/elsushi.com\/es\/wp-json\/wp\/v2\/pages\/1911","targetHints":{"allow":["GET"]}}],"collection":[{"href":"https:\/\/elsushi.com\/es\/wp-json\/wp\/v2\/pages"}],"about":[{"href":"https:\/\/elsushi.com\/es\/wp-json\/wp\/v2\/types\/page"}],"author":[{"embeddable":true,"href":"https:\/\/elsushi.com\/es\/wp-json\/wp\/v2\/users\/3"}],"replies":[{"embeddable":true,"href":"https:\/\/elsushi.com\/es\/wp-json\/wp\/v2\/comments?post=1911"}],"version-history":[{"count":1,"href":"https:\/\/elsushi.com\/es\/wp-json\/wp\/v2\/pages\/1911\/revisions"}],"predecessor-version":[{"id":1912,"href":"https:\/\/elsushi.com\/es\/wp-json\/wp\/v2\/pages\/1911\/revisions\/1912"}],"wp:attachment":[{"href":"https:\/\/elsushi.com\/es\/wp-json\/wp\/v2\/media?parent=1911"}],"curies":[{"name":"wp","href":"https:\/\/api.w.org\/{rel}","templated":true}]}}